{"id":3306,"date":"2023-12-21T13:18:23","date_gmt":"2023-12-21T13:18:23","guid":{"rendered":"http:\/\/karimb5.sg-host.com\/?page_id=3306"},"modified":"2024-03-06T19:36:47","modified_gmt":"2024-03-06T19:36:47","slug":"sesderma","status":"publish","type":"page","link":"https:\/\/newmedica.tn\/en\/sesderma\/","title":{"rendered":"Sesderma"},"content":{"rendered":"<div class=\"vc_row wpb_row vc_row-fluid\"><div class=\"wpb_column vc_column_container vc_col-sm-2 vc_col-xs-6\"><div class=\"vc_column-inner\"><div class=\"wpb_wrapper\">\n\t<div class=\"wpb_text_column wpb_content_element  vc_custom_1703164164338\" >\n\t\t<div class=\"wpb_wrapper\">\n\t\t\t<h5>partner<\/h5>\n\n\t\t<\/div>\n\t<\/div>\n<div class=\"nectar-fancy-ul  nectar-link-underline-effect\" data-list-icon=\"none\" data-animation=\"false\" data-animation-delay=\"0\" data-color=\"accent-color\" data-alignment=\"left\"> Sesderma <\/div>\n\t<div class=\"wpb_text_column wpb_content_element  vc_custom_1703164173808\" >\n\t\t<div class=\"wpb_wrapper\">\n\t\t\t<h5>Year<\/h5>\n\n\t\t<\/div>\n\t<\/div>\n\n\t<div class=\"wpb_text_column wpb_content_element\" >\n\t\t<div class=\"wpb_wrapper\">\n\t\t\t<p>2017<\/p>\n\n\t\t<\/div>\n\t<\/div>\n<\/div><\/div><\/div><div class=\"wpb_column vc_column_container vc_col-sm-3 vc_col-xs-6\"><div class=\"vc_column-inner\"><div class=\"wpb_wrapper\">\n\t<div class=\"wpb_text_column wpb_content_element  vc_custom_1703164326780\" >\n\t\t<div class=\"wpb_wrapper\">\n\t\t\t<h5>category<\/h5>\n\n\t\t<\/div>\n\t<\/div>\n<div class=\"nectar-fancy-ul  nectar-link-underline-effect\" data-list-icon=\"none\" data-animation=\"false\" data-animation-delay=\"0\" data-color=\"accent-color\" data-alignment=\"left\"> \n<ul>\n<li>Sesderma Beauty<\/li>\n<li>Sesderma Health<\/li>\n<li>nutricosmetics<\/li>\n<li>Home appliances<\/li>\n<\/ul>\n <\/div>\n\t<div class=\"wpb_text_column wpb_content_element  vc_custom_1703164340195\" >\n\t\t<div class=\"wpb_wrapper\">\n\t\t\t<h5>Brands<\/h5>\n\n\t\t<\/div>\n\t<\/div>\n<div class=\"nectar-fancy-ul  nectar-link-underline-effect\" data-list-icon=\"none\" data-animation=\"false\" data-animation-delay=\"0\" data-color=\"accent-color\" data-alignment=\"left\"> \n<ul>\n<li>Sesderma<\/li>\n<li>Mediderma<\/li>\n<\/ul>\n <\/div><\/div><\/div><\/div><div class=\"wpb_column vc_column_container vc_col-sm-7 vc_col-xs-12\"><div class=\"vc_column-inner\"><div class=\"wpb_wrapper\"><div class=\"img-with-aniamtion-wrap right\" data-max-width=\"100%\" data-border-radius=\"none\">\n      <div class=\"inner\">\n        <img loading=\"lazy\" decoding=\"async\" class=\"img-with-animation\" data-shadow=\"none\" data-shadow-direction=\"middle\" data-delay=\"0\" height=\"383\" width=\"850\" data-animation=\"fade-in\" src=\"https:\/\/newmedica.tn\/wp-content\/uploads\/2023\/12\/puzol_v1-2.jpg\" alt=\"\" srcset=\"https:\/\/newmedica.tn\/wp-content\/uploads\/2023\/12\/puzol_v1-2.jpg 850w, https:\/\/newmedica.tn\/wp-content\/uploads\/2023\/12\/puzol_v1-2-300x135.jpg 300w, https:\/\/newmedica.tn\/wp-content\/uploads\/2023\/12\/puzol_v1-2-768x346.jpg 768w, https:\/\/newmedica.tn\/wp-content\/uploads\/2023\/12\/puzol_v1-2-600x270.jpg 600w\" sizes=\"100vw\" \/>\n      <\/div>\n    <\/div>\n\t<div class=\"wpb_text_column wpb_content_element\" >\n\t\t<div class=\"wpb_wrapper\">\n\t\t\t<h2>Sesderma : a Complete Range of Dermatological Care<\/h2>\n\n\t\t<\/div>\n\t<\/div>\n\n\t<div class=\"wpb_text_column wpb_content_element  vc_custom_1703164634099\" >\n\t\t<div class=\"wpb_wrapper\">\n\t\t\t<p>Sesderma manufactures, distributes, and markets dermocosmetic products and treatments in pharmacy and parapharmacies.<\/p>\n\n\t\t<\/div>\n\t<\/div>\n<\/div><\/div><\/div><\/div><div class=\"vc_row wpb_row vc_row-fluid\"><div class=\"wpb_column vc_column_container vc_col-sm-12\"><div class=\"vc_column-inner\"><div class=\"wpb_wrapper\">\n\t<div class=\"wpb_text_column wpb_content_element\" >\n\t\t<div class=\"wpb_wrapper\">\n\t\t\t<h2>The products from Sesderma laboratories:<\/h2>\n\n\t\t<\/div>\n\t<\/div>\n<div class=\"divider-wrap\" data-alignment=\"default\"><div style=\"height: 25px;\" class=\"divider\"><\/div><\/div>[nectar_woo_products product_type=\u00a0\u00bball\u00a0\u00bb category=\u00a0\u00bbsesderma\u00a0\u00bb columns=\u00a0\u00bbdynamic\u00a0\u00bb flickity_mobile_column_width=\u00a0\u00bb100%\u00a0\u00bb orderby=\u00a0\u00bbdate\u00a0\u00bb order=\u00a0\u00bbDESC\u00a0\u00bb carousel_script=\u00a0\u00bbflickity\u00a0\u00bb per_page=\u00a0\u00bb25&Prime;]<\/div><\/div><\/div><\/div>","protected":false},"excerpt":{"rendered":"Partenaire Sesderma Ann\u00e9e 2017 Cat\u00e9gorie Sesderma Beauty Sesderma Health Nutricosm\u00e9tique Appareils pour usage \u00e0 domicile Marques Sesderma Mediderma Sesderma : Une Gamme Compl\u00e8te de Soins Dermatologiques Sesderma fabrique, distribue et...","protected":false},"author":1,"featured_media":0,"parent":0,"menu_order":0,"comment_status":"closed","ping_status":"closed","template":"","meta":{"footnotes":""},"_links":{"self":[{"href":"https:\/\/newmedica.tn\/en\/wp-json\/wp\/v2\/pages\/3306"}],"collection":[{"href":"https:\/\/newmedica.tn\/en\/wp-json\/wp\/v2\/pages"}],"about":[{"href":"https:\/\/newmedica.tn\/en\/wp-json\/wp\/v2\/types\/page"}],"author":[{"embeddable":true,"href":"https:\/\/newmedica.tn\/en\/wp-json\/wp\/v2\/users\/1"}],"replies":[{"embeddable":true,"href":"https:\/\/newmedica.tn\/en\/wp-json\/wp\/v2\/comments?post=3306"}],"version-history":[{"count":13,"href":"https:\/\/newmedica.tn\/en\/wp-json\/wp\/v2\/pages\/3306\/revisions"}],"predecessor-version":[{"id":3530,"href":"https:\/\/newmedica.tn\/en\/wp-json\/wp\/v2\/pages\/3306\/revisions\/3530"}],"wp:attachment":[{"href":"https:\/\/newmedica.tn\/en\/wp-json\/wp\/v2\/media?parent=3306"}],"curies":[{"name":"wp","href":"https:\/\/api.w.org\/{rel}","templated":true}]}}