{"id":3318,"date":"2023-12-21T13:37:16","date_gmt":"2023-12-21T13:37:16","guid":{"rendered":"http:\/\/karimb5.sg-host.com\/?page_id=3318"},"modified":"2024-03-06T22:35:28","modified_gmt":"2024-03-06T22:35:28","slug":"dermofarm","status":"publish","type":"page","link":"https:\/\/newmedica.tn\/en\/dermofarm\/","title":{"rendered":"Dermofarm"},"content":{"rendered":"<div class=\"vc_row wpb_row vc_row-fluid\"><div class=\"wpb_column vc_column_container vc_col-sm-2 vc_col-xs-6\"><div class=\"vc_column-inner\"><div class=\"wpb_wrapper\">\n\t<div class=\"wpb_text_column wpb_content_element  vc_custom_1703164164338\" >\n\t\t<div class=\"wpb_wrapper\">\n\t\t\t<h5>partner<\/h5>\n\n\t\t<\/div>\n\t<\/div>\n<div class=\"nectar-fancy-ul  nectar-link-underline-effect\" data-list-icon=\"none\" data-animation=\"false\" data-animation-delay=\"0\" data-color=\"accent-color\" data-alignment=\"left\"> Dermofarm <\/div>\n\t<div class=\"wpb_text_column wpb_content_element  vc_custom_1703164173808\" >\n\t\t<div class=\"wpb_wrapper\">\n\t\t\t<h5>Year<\/h5>\n\n\t\t<\/div>\n\t<\/div>\n\n\t<div class=\"wpb_text_column wpb_content_element\" >\n\t\t<div class=\"wpb_wrapper\">\n\t\t\t<p>2017<\/p>\n\n\t\t<\/div>\n\t<\/div>\n<\/div><\/div><\/div><div class=\"wpb_column vc_column_container vc_col-sm-3 vc_col-xs-6\"><div class=\"vc_column-inner\"><div class=\"wpb_wrapper\">\n\t<div class=\"wpb_text_column wpb_content_element  vc_custom_1703165695715\" >\n\t\t<div class=\"wpb_wrapper\">\n\t\t\t<h5>Services<\/h5>\n\n\t\t<\/div>\n\t<\/div>\n<div class=\"nectar-fancy-ul  nectar-link-underline-effect\" data-list-icon=\"none\" data-animation=\"false\" data-animation-delay=\"0\" data-color=\"accent-color\" data-alignment=\"left\"> \n<ul>\n<li>Gyn\u00e9cologues Cumlaude<\/li>\n<li>Dermatologue avec Rilastil<\/li>\n<li>M\u00e9decins esth\u00e9tiques<\/li>\n<li>Dermatologues avec Sensilis Sensitive Skin Lab<\/li>\n<\/ul>\n <\/div>\n\t<div class=\"wpb_text_column wpb_content_element  vc_custom_1703164340195\" >\n\t\t<div class=\"wpb_wrapper\">\n\t\t\t<h5>Brands<\/h5>\n\n\t\t<\/div>\n\t<\/div>\n<div class=\"nectar-fancy-ul  nectar-link-underline-effect\" data-list-icon=\"none\" data-animation=\"false\" data-animation-delay=\"0\" data-color=\"accent-color\" data-alignment=\"left\"> \n<ul>\n<li>Cumlaude Lab<\/li>\n<li>Sensilis<\/li>\n<\/ul>\n <\/div><\/div><\/div><\/div><div class=\"wpb_column vc_column_container vc_col-sm-7 vc_col-xs-12\"><div class=\"vc_column-inner\"><div class=\"wpb_wrapper\"><div class=\"img-with-aniamtion-wrap\" data-max-width=\"100%\" data-border-radius=\"none\">\n      <div class=\"inner\">\n        <img loading=\"lazy\" decoding=\"async\" class=\"img-with-animation\" data-shadow=\"none\" data-shadow-direction=\"middle\" data-delay=\"0\" height=\"320\" width=\"540\" data-animation=\"none\" src=\"https:\/\/newmedica.tn\/wp-content\/uploads\/2024\/03\/dermofarm.jpg.webp\" alt=\"\" srcset=\"https:\/\/newmedica.tn\/wp-content\/uploads\/2024\/03\/dermofarm.jpg.webp 540w, https:\/\/newmedica.tn\/wp-content\/uploads\/2024\/03\/dermofarm.jpg-300x178.webp 300w\" sizes=\"100vw\" \/>\n      <\/div>\n    <\/div>\n\t<div class=\"wpb_text_column wpb_content_element\" >\n\t\t<div class=\"wpb_wrapper\">\n\t\t\t<h2>From a small family laboratory to an international group<\/h2>\n\n\t\t<\/div>\n\t<\/div>\n\n\t<div class=\"wpb_text_column wpb_content_element  vc_custom_1703165819784\" >\n\t\t<div class=\"wpb_wrapper\">\n\t\t\t<p><span class=\"HwtZe\" lang=\"fr\"><span class=\"jCAhz ChMk0b\"><span class=\"ryNqvb\">Dermofarm was born from Laboratorios Semar, a family-owned company founded in 1946 by Dr. Jorge Bellmunt to manufacture and distribute ethical healthcare products over the counter.<\/span><\/span> <span class=\"jCAhz ChMk0b\"><span class=\"ryNqvb\">Always committed to scientific honesty, transparency, innovation, and pharmaceutical rigor in the manufacturing of its products<\/span><\/span> <span class=\"jCAhz ChMk0b\"><span class=\"ryNqvb\">The company continued to grow, becoming Laboratorios Dermofarm in 1972, which was then acquired in 2009 by Instituto Ganassini, one of the largest dermocosmetic companies in Italy, with over 80 years of experience in the pharmaceutical sector.<\/span><\/span><\/span><\/p>\n\n\t\t<\/div>\n\t<\/div>\n<\/div><\/div><\/div><\/div><div class=\"vc_row wpb_row vc_row-fluid\"><div class=\"wpb_column vc_column_container vc_col-sm-12\"><div class=\"vc_column-inner\"><div class=\"wpb_wrapper\">\n\t<div class=\"wpb_text_column wpb_content_element\" >\n\t\t<div class=\"wpb_wrapper\">\n\t\t\t<h2>The products from the laboratories<\/h2>\n\n\t\t<\/div>\n\t<\/div>\n<div class=\"tabbed vc_clearfix\"><ul><li><a href=\"#1709761057989-9\">Cumlaude Lab<\/a><\/li>\n<li><a href=\"#1709761058038-4\">Sensilis<\/a><\/li><\/ul><div id=\"1709761057989-9\">[nectar_woo_products product_type=\u00a0\u00bball\u00a0\u00bb category=\u00a0\u00bbcumlaude-lab\u00a0\u00bb columns=\u00a0\u00bb4&Prime; flickity_mobile_column_width=\u00a0\u00bb100%\u00a0\u00bb orderby=\u00a0\u00bbdate\u00a0\u00bb order=\u00a0\u00bbDESC\u00a0\u00bb per_page=\u00a0\u00bb8&Prime;]<\/div>\n<div id=\"1709761058038-4\">[nectar_woo_products product_type=\u00a0\u00bball\u00a0\u00bb category=\u00a0\u00bbsensilis\u00a0\u00bb columns=\u00a0\u00bb4&Prime; flickity_mobile_column_width=\u00a0\u00bb100%\u00a0\u00bb orderby=\u00a0\u00bbdate\u00a0\u00bb order=\u00a0\u00bbDESC\u00a0\u00bb per_page=\u00a0\u00bb17&Prime;]<\/div><\/div>\n<\/div><\/div><\/div><\/div>","protected":false},"excerpt":{"rendered":"Partenaire Dermofarm Ann\u00e9e 2017 Services Gyn\u00e9cologues Cumlaude Dermatologue avec Rilastil M\u00e9decins esth\u00e9tiques Dermatologues avec Sensilis Sensitive Skin Lab Marques Cumlaude Lab Sensilis D'un petit laboratoire familial \u00e0 un groupe international...","protected":false},"author":1,"featured_media":0,"parent":0,"menu_order":0,"comment_status":"closed","ping_status":"closed","template":"","meta":{"footnotes":""},"_links":{"self":[{"href":"https:\/\/newmedica.tn\/en\/wp-json\/wp\/v2\/pages\/3318"}],"collection":[{"href":"https:\/\/newmedica.tn\/en\/wp-json\/wp\/v2\/pages"}],"about":[{"href":"https:\/\/newmedica.tn\/en\/wp-json\/wp\/v2\/types\/page"}],"author":[{"embeddable":true,"href":"https:\/\/newmedica.tn\/en\/wp-json\/wp\/v2\/users\/1"}],"replies":[{"embeddable":true,"href":"https:\/\/newmedica.tn\/en\/wp-json\/wp\/v2\/comments?post=3318"}],"version-history":[{"count":14,"href":"https:\/\/newmedica.tn\/en\/wp-json\/wp\/v2\/pages\/3318\/revisions"}],"predecessor-version":[{"id":3574,"href":"https:\/\/newmedica.tn\/en\/wp-json\/wp\/v2\/pages\/3318\/revisions\/3574"}],"wp:attachment":[{"href":"https:\/\/newmedica.tn\/en\/wp-json\/wp\/v2\/media?parent=3318"}],"curies":[{"name":"wp","href":"https:\/\/api.w.org\/{rel}","templated":true}]}}