{"id":3331,"date":"2023-12-21T15:14:08","date_gmt":"2023-12-21T15:14:08","guid":{"rendered":"http:\/\/karimb5.sg-host.com\/?page_id=3331"},"modified":"2024-03-06T21:34:32","modified_gmt":"2024-03-06T21:34:32","slug":"casmara","status":"publish","type":"page","link":"https:\/\/newmedica.tn\/en\/casmara\/","title":{"rendered":"Casmara"},"content":{"rendered":"<div class=\"vc_row wpb_row vc_row-fluid\"><div class=\"wpb_column vc_column_container vc_col-sm-2 vc_col-xs-6\"><div class=\"vc_column-inner\"><div class=\"wpb_wrapper\">\n\t<div class=\"wpb_text_column wpb_content_element  vc_custom_1703164164338\" >\n\t\t<div class=\"wpb_wrapper\">\n\t\t\t<h5>partner<\/h5>\n\n\t\t<\/div>\n\t<\/div>\n<div class=\"nectar-fancy-ul  nectar-link-underline-effect\" data-list-icon=\"none\" data-animation=\"false\" data-animation-delay=\"0\" data-color=\"accent-color\" data-alignment=\"left\"> Casmara <\/div>\n\t<div class=\"wpb_text_column wpb_content_element  vc_custom_1703164173808\" >\n\t\t<div class=\"wpb_wrapper\">\n\t\t\t<h5>Year<\/h5>\n\n\t\t<\/div>\n\t<\/div>\n\n\t<div class=\"wpb_text_column wpb_content_element\" >\n\t\t<div class=\"wpb_wrapper\">\n\t\t\t<p>2017<\/p>\n\n\t\t<\/div>\n\t<\/div>\n<\/div><\/div><\/div><div class=\"wpb_column vc_column_container vc_col-sm-3 vc_col-xs-6\"><div class=\"vc_column-inner\"><div class=\"wpb_wrapper\"><div class=\"img-with-aniamtion-wrap\" data-max-width=\"100%\" data-border-radius=\"none\">\n      <div class=\"inner\">\n        <img loading=\"lazy\" decoding=\"async\" class=\"img-with-animation\" data-shadow=\"none\" data-shadow-direction=\"middle\" data-delay=\"0\" height=\"4134\" width=\"5847\" data-animation=\"none\" src=\"https:\/\/newmedica.tn\/wp-content\/uploads\/2023\/12\/Logo-05.png\" alt=\"\" srcset=\"https:\/\/newmedica.tn\/wp-content\/uploads\/2023\/12\/Logo-05.png 5847w, https:\/\/newmedica.tn\/wp-content\/uploads\/2023\/12\/Logo-05-300x212.png 300w, https:\/\/newmedica.tn\/wp-content\/uploads\/2023\/12\/Logo-05-1024x724.png 1024w, https:\/\/newmedica.tn\/wp-content\/uploads\/2023\/12\/Logo-05-768x543.png 768w, https:\/\/newmedica.tn\/wp-content\/uploads\/2023\/12\/Logo-05-1536x1086.png 1536w, https:\/\/newmedica.tn\/wp-content\/uploads\/2023\/12\/Logo-05-2048x1448.png 2048w, https:\/\/newmedica.tn\/wp-content\/uploads\/2023\/12\/Logo-05-600x424.png 600w\" sizes=\"100vw\" \/>\n      <\/div>\n    <\/div><\/div><\/div><\/div><div class=\"wpb_column vc_column_container vc_col-sm-7 vc_col-xs-12\"><div class=\"vc_column-inner\"><div class=\"wpb_wrapper\"><div class=\"img-with-aniamtion-wrap right\" data-max-width=\"100%\" data-border-radius=\"none\">\n      <div class=\"inner\">\n        <img loading=\"lazy\" decoding=\"async\" class=\"img-with-animation\" data-shadow=\"none\" data-shadow-direction=\"middle\" data-delay=\"0\" height=\"1707\" width=\"2560\" data-animation=\"fade-in\" src=\"https:\/\/newmedica.tn\/wp-content\/uploads\/2023\/12\/7458413-scaled.webp\" alt=\"\" srcset=\"https:\/\/newmedica.tn\/wp-content\/uploads\/2023\/12\/7458413-scaled.webp 2560w, https:\/\/newmedica.tn\/wp-content\/uploads\/2023\/12\/7458413-300x200.webp 300w, https:\/\/newmedica.tn\/wp-content\/uploads\/2023\/12\/7458413-1024x683.webp 1024w, https:\/\/newmedica.tn\/wp-content\/uploads\/2023\/12\/7458413-768x512.webp 768w, https:\/\/newmedica.tn\/wp-content\/uploads\/2023\/12\/7458413-1536x1024.webp 1536w, https:\/\/newmedica.tn\/wp-content\/uploads\/2023\/12\/7458413-2048x1365.webp 2048w, https:\/\/newmedica.tn\/wp-content\/uploads\/2023\/12\/7458413-900x600.webp 900w, https:\/\/newmedica.tn\/wp-content\/uploads\/2023\/12\/7458413-600x400.webp 600w\" sizes=\"100vw\" \/>\n      <\/div>\n    <\/div>\n\t<div class=\"wpb_text_column wpb_content_element\" >\n\t\t<div class=\"wpb_wrapper\">\n\t\t\t<h2>\"Global Expansion and Family Commitment: The Legacy of Casmara Cosmetics\"<\/h2>\n\n\t\t<\/div>\n\t<\/div>\n\n\t<div class=\"wpb_text_column wpb_content_element  vc_custom_1703166143504\" >\n\t\t<div class=\"wpb_wrapper\">\n\t\t\t<p>\"Casmara currently spans over 4 continents, covering nearly 60 countries worldwide. CASMARA COSMETICS is a family-owned company. For 45 years, Casmara has aimed to become the beauty partner of its customers.\"<\/p>\n\n\t\t<\/div>\n\t<\/div>\n<\/div><\/div><\/div><\/div><div class=\"vc_row wpb_row vc_row-fluid\"><div class=\"wpb_column vc_column_container vc_col-sm-12\"><div class=\"vc_column-inner\"><div class=\"wpb_wrapper\">\n\t<div class=\"wpb_text_column wpb_content_element\" >\n\t\t<div class=\"wpb_wrapper\">\n\t\t\t<h2>Products from Casmara laboratories:<\/h2>\n\n\t\t<\/div>\n\t<\/div>\n<div class=\"divider-wrap\" data-alignment=\"default\"><div style=\"height: 25px;\" class=\"divider\"><\/div><\/div><\/div><\/div><\/div><\/div>","protected":false},"excerpt":{"rendered":"Partenaire Casmara Ann\u00e9e 2017 Expansion Mondiale et Engagement Familial : L'H\u00e9ritage de Casmara Cosmetics Casmara s'\u00e9tend sur 4 continents, couvrant pr\u00e8s de 60 pays dans le monde. Actuellement, CASMARA COSMETICS...","protected":false},"author":1,"featured_media":0,"parent":0,"menu_order":0,"comment_status":"closed","ping_status":"closed","template":"","meta":{"footnotes":""},"_links":{"self":[{"href":"https:\/\/newmedica.tn\/en\/wp-json\/wp\/v2\/pages\/3331"}],"collection":[{"href":"https:\/\/newmedica.tn\/en\/wp-json\/wp\/v2\/pages"}],"about":[{"href":"https:\/\/newmedica.tn\/en\/wp-json\/wp\/v2\/types\/page"}],"author":[{"embeddable":true,"href":"https:\/\/newmedica.tn\/en\/wp-json\/wp\/v2\/users\/1"}],"replies":[{"embeddable":true,"href":"https:\/\/newmedica.tn\/en\/wp-json\/wp\/v2\/comments?post=3331"}],"version-history":[{"count":5,"href":"https:\/\/newmedica.tn\/en\/wp-json\/wp\/v2\/pages\/3331\/revisions"}],"predecessor-version":[{"id":3572,"href":"https:\/\/newmedica.tn\/en\/wp-json\/wp\/v2\/pages\/3331\/revisions\/3572"}],"wp:attachment":[{"href":"https:\/\/newmedica.tn\/en\/wp-json\/wp\/v2\/media?parent=3331"}],"curies":[{"name":"wp","href":"https:\/\/api.w.org\/{rel}","templated":true}]}}