{"id":3335,"date":"2023-12-21T15:18:11","date_gmt":"2023-12-21T15:18:11","guid":{"rendered":"http:\/\/karimb5.sg-host.com\/?page_id=3335"},"modified":"2024-03-06T19:08:01","modified_gmt":"2024-03-06T19:08:01","slug":"martiderm","status":"publish","type":"page","link":"https:\/\/newmedica.tn\/en\/martiderm\/","title":{"rendered":"MartiDerm"},"content":{"rendered":"<div class=\"vc_row wpb_row vc_row-fluid\"><div class=\"wpb_column vc_column_container vc_col-sm-2 vc_col-xs-6\"><div class=\"vc_column-inner\"><div class=\"wpb_wrapper\">\n\t<div class=\"wpb_text_column wpb_content_element  vc_custom_1703164164338\" >\n\t\t<div class=\"wpb_wrapper\">\n\t\t\t<h5>partner<\/h5>\n\n\t\t<\/div>\n\t<\/div>\n<div class=\"nectar-fancy-ul  nectar-link-underline-effect\" data-list-icon=\"none\" data-animation=\"false\" data-animation-delay=\"0\" data-color=\"accent-color\" data-alignment=\"left\"> Martiderm <\/div>\n\t<div class=\"wpb_text_column wpb_content_element  vc_custom_1703164173808\" >\n\t\t<div class=\"wpb_wrapper\">\n\t\t\t<h5>Year<\/h5>\n\n\t\t<\/div>\n\t<\/div>\n\n\t<div class=\"wpb_text_column wpb_content_element\" >\n\t\t<div class=\"wpb_wrapper\">\n\t\t\t<p>2017<\/p>\n\n\t\t<\/div>\n\t<\/div>\n<\/div><\/div><\/div><div class=\"wpb_column vc_column_container vc_col-sm-3 vc_col-xs-6\"><div class=\"vc_column-inner\"><div class=\"wpb_wrapper\"><\/div><\/div><\/div><div class=\"wpb_column vc_column_container vc_col-sm-7 vc_col-xs-12\"><div class=\"vc_column-inner\"><div class=\"wpb_wrapper\"><div class=\"img-with-aniamtion-wrap right\" data-max-width=\"100%\" data-border-radius=\"none\">\n      <div class=\"inner\">\n        <img loading=\"lazy\" decoding=\"async\" class=\"img-with-animation\" data-shadow=\"none\" data-shadow-direction=\"middle\" data-delay=\"0\" height=\"360\" width=\"918\" data-animation=\"fade-in\" src=\"https:\/\/newmedica.tn\/wp-content\/uploads\/2023\/12\/laformula_7_0.png\" alt=\"\" srcset=\"https:\/\/newmedica.tn\/wp-content\/uploads\/2023\/12\/laformula_7_0.png 918w, https:\/\/newmedica.tn\/wp-content\/uploads\/2023\/12\/laformula_7_0-300x118.png 300w, https:\/\/newmedica.tn\/wp-content\/uploads\/2023\/12\/laformula_7_0-768x301.png 768w, https:\/\/newmedica.tn\/wp-content\/uploads\/2023\/12\/laformula_7_0-600x235.png 600w\" sizes=\"100vw\" \/>\n      <\/div>\n    <\/div>\n\t<div class=\"wpb_text_column wpb_content_element  vc_custom_1703171852867\" >\n\t\t<div class=\"wpb_wrapper\">\n\t\t\t<p>MartiDerm, a Spanish cosmetic company, markets its products in more than 30 countries. Specialized in dermocosmetics, it was founded by Josep Mart\u00ed Tor in 1952. In 1989, it introduced its anti-aging ampoules based on proteoglycans, becoming MartiDerm's flagship product. Today, more than 50,000 units of these ampoules are consumed every day.<\/p>\n\n\t\t<\/div>\n\t<\/div>\n<\/div><\/div><\/div><\/div><div class=\"vc_row wpb_row vc_row-fluid\"><div class=\"wpb_column vc_column_container vc_col-sm-12\"><div class=\"vc_column-inner\"><div class=\"wpb_wrapper\">\n\t<div class=\"wpb_text_column wpb_content_element\" >\n\t\t<div class=\"wpb_wrapper\">\n\t\t\t<h2>Products from MartiDerm laboratories:<\/h2>\n\n\t\t<\/div>\n\t<\/div>\n<div class=\"divider-wrap\" data-alignment=\"default\"><div style=\"height: 25px;\" class=\"divider\"><\/div><\/div>[nectar_woo_products product_type=\u00a0\u00bball\u00a0\u00bb category=\u00a0\u00bbmartiderm\u00a0\u00bb columns=\u00a0\u00bbdynamic\u00a0\u00bb flickity_mobile_column_width=\u00a0\u00bb100%\u00a0\u00bb orderby=\u00a0\u00bbdate\u00a0\u00bb order=\u00a0\u00bbDESC\u00a0\u00bb carousel_script=\u00a0\u00bbflickity\u00a0\u00bb per_page=\u00a0\u00bb12&Prime;]<\/div><\/div><\/div><\/div>","protected":false},"excerpt":{"rendered":"Partenaire Martiderm Ann\u00e9e 2017 MartiDerm, entreprise cosm\u00e9tique espagnole, commercialise ses produits dans plus de 30 pays. Sp\u00e9cialis\u00e9e en dermocosm\u00e9tique, elle a \u00e9t\u00e9 fond\u00e9e par Josep Mart\u00ed Tor en 1952. En...","protected":false},"author":1,"featured_media":0,"parent":0,"menu_order":0,"comment_status":"closed","ping_status":"closed","template":"","meta":{"footnotes":""},"_links":{"self":[{"href":"https:\/\/newmedica.tn\/en\/wp-json\/wp\/v2\/pages\/3335"}],"collection":[{"href":"https:\/\/newmedica.tn\/en\/wp-json\/wp\/v2\/pages"}],"about":[{"href":"https:\/\/newmedica.tn\/en\/wp-json\/wp\/v2\/types\/page"}],"author":[{"embeddable":true,"href":"https:\/\/newmedica.tn\/en\/wp-json\/wp\/v2\/users\/1"}],"replies":[{"embeddable":true,"href":"https:\/\/newmedica.tn\/en\/wp-json\/wp\/v2\/comments?post=3335"}],"version-history":[{"count":5,"href":"https:\/\/newmedica.tn\/en\/wp-json\/wp\/v2\/pages\/3335\/revisions"}],"predecessor-version":[{"id":3566,"href":"https:\/\/newmedica.tn\/en\/wp-json\/wp\/v2\/pages\/3335\/revisions\/3566"}],"wp:attachment":[{"href":"https:\/\/newmedica.tn\/en\/wp-json\/wp\/v2\/media?parent=3335"}],"curies":[{"name":"wp","href":"https:\/\/api.w.org\/{rel}","templated":true}]}}