{"id":3339,"date":"2023-12-21T15:22:39","date_gmt":"2023-12-21T15:22:39","guid":{"rendered":"http:\/\/karimb5.sg-host.com\/?page_id=3339"},"modified":"2024-03-06T19:17:31","modified_gmt":"2024-03-06T19:17:31","slug":"babe","status":"publish","type":"page","link":"https:\/\/newmedica.tn\/en\/babe\/","title":{"rendered":"Baby"},"content":{"rendered":"<div class=\"vc_row wpb_row vc_row-fluid\"><div class=\"wpb_column vc_column_container vc_col-sm-2 vc_col-xs-6\"><div class=\"vc_column-inner\"><div class=\"wpb_wrapper\">\n\t<div class=\"wpb_text_column wpb_content_element  vc_custom_1703164164338\" >\n\t\t<div class=\"wpb_wrapper\">\n\t\t\t<h5>partner<\/h5>\n\n\t\t<\/div>\n\t<\/div>\n<div class=\"nectar-fancy-ul  nectar-link-underline-effect\" data-list-icon=\"none\" data-animation=\"false\" data-animation-delay=\"0\" data-color=\"accent-color\" data-alignment=\"left\"> Babe Laboratorios <\/div>\n\t<div class=\"wpb_text_column wpb_content_element  vc_custom_1703164173808\" >\n\t\t<div class=\"wpb_wrapper\">\n\t\t\t<h5>Year<\/h5>\n\n\t\t<\/div>\n\t<\/div>\n\n\t<div class=\"wpb_text_column wpb_content_element\" >\n\t\t<div class=\"wpb_wrapper\">\n\t\t\t<p>2017<\/p>\n\n\t\t<\/div>\n\t<\/div>\n<\/div><\/div><\/div><div class=\"wpb_column vc_column_container vc_col-sm-3 vc_col-xs-6\"><div class=\"vc_column-inner\"><div class=\"wpb_wrapper\"><div class=\"img-with-aniamtion-wrap center\" data-max-width=\"50%\" data-border-radius=\"none\">\n      <div class=\"inner\">\n        <img loading=\"lazy\" decoding=\"async\" class=\"img-with-animation\" data-shadow=\"none\" data-shadow-direction=\"middle\" data-delay=\"0\" height=\"4134\" width=\"5847\" data-animation=\"none\" src=\"https:\/\/newmedica.tn\/wp-content\/uploads\/2023\/12\/Logo-03.png\" alt=\"\" srcset=\"https:\/\/newmedica.tn\/wp-content\/uploads\/2023\/12\/Logo-03.png 5847w, https:\/\/newmedica.tn\/wp-content\/uploads\/2023\/12\/Logo-03-300x212.png 300w, https:\/\/newmedica.tn\/wp-content\/uploads\/2023\/12\/Logo-03-1024x724.png 1024w, https:\/\/newmedica.tn\/wp-content\/uploads\/2023\/12\/Logo-03-768x543.png 768w, https:\/\/newmedica.tn\/wp-content\/uploads\/2023\/12\/Logo-03-1536x1086.png 1536w, https:\/\/newmedica.tn\/wp-content\/uploads\/2023\/12\/Logo-03-2048x1448.png 2048w, https:\/\/newmedica.tn\/wp-content\/uploads\/2023\/12\/Logo-03-600x424.png 600w\" sizes=\"100vw\" \/>\n      <\/div>\n    <\/div><\/div><\/div><\/div><div class=\"wpb_column vc_column_container vc_col-sm-7 vc_col-xs-12\"><div class=\"vc_column-inner\"><div class=\"wpb_wrapper\">\n\t<div class=\"wpb_text_column wpb_content_element\" >\n\t\t<div class=\"wpb_wrapper\">\n\t\t\t<h2>\"Global Expansion and Large-Scale Production Capacity: BABE Redefines Cosmetic Standards\"<\/h2>\n\n\t\t<\/div>\n\t<\/div>\n\n\t<div class=\"wpb_text_column wpb_content_element  vc_custom_1703172066753\" >\n\t\t<div class=\"wpb_wrapper\">\n\t\t\t<p>\"BABE is established on 4 continents, covering over 50 countries worldwide. Present in more than 19,000 points of sale with 3 million products sold in 2022, BABE holds the largest production capacity in Europe.\"<\/p>\n\n\t\t<\/div>\n\t<\/div>\n<\/div><\/div><\/div><\/div><div class=\"vc_row wpb_row vc_row-fluid\"><div class=\"wpb_column vc_column_container vc_col-sm-12\"><div class=\"vc_column-inner\"><div class=\"wpb_wrapper\">\n\t<div class=\"wpb_text_column wpb_content_element\" >\n\t\t<div class=\"wpb_wrapper\">\n\t\t\t<h2>Products from BABE laboratories:<\/h2>\n\n\t\t<\/div>\n\t<\/div>\n<div class=\"divider-wrap\" data-alignment=\"default\"><div style=\"height: 25px;\" class=\"divider\"><\/div><\/div>[nectar_woo_products product_type=\u00a0\u00bball\u00a0\u00bb category=\u00a0\u00bbbabe\u00a0\u00bb columns=\u00a0\u00bbdynamic\u00a0\u00bb flickity_mobile_column_width=\u00a0\u00bb100%\u00a0\u00bb orderby=\u00a0\u00bbdate\u00a0\u00bb order=\u00a0\u00bbDESC\u00a0\u00bb carousel_script=\u00a0\u00bbflickity\u00a0\u00bb per_page=\u00a0\u00bb15&Prime;]<\/div><\/div><\/div><\/div>","protected":false},"excerpt":{"rendered":"Partenaire Babe Laboratorios Ann\u00e9e 2017 \"Expansion Mondiale et Capacit\u00e9 de Production d'Envergure : BABE Red\u00e9finit les Normes Cosm\u00e9tiques\" \"BABE est implant\u00e9 dans 4 continents, couvrant plus de 50 pays dans...","protected":false},"author":1,"featured_media":0,"parent":0,"menu_order":0,"comment_status":"closed","ping_status":"closed","template":"","meta":{"footnotes":""},"_links":{"self":[{"href":"https:\/\/newmedica.tn\/en\/wp-json\/wp\/v2\/pages\/3339"}],"collection":[{"href":"https:\/\/newmedica.tn\/en\/wp-json\/wp\/v2\/pages"}],"about":[{"href":"https:\/\/newmedica.tn\/en\/wp-json\/wp\/v2\/types\/page"}],"author":[{"embeddable":true,"href":"https:\/\/newmedica.tn\/en\/wp-json\/wp\/v2\/users\/1"}],"replies":[{"embeddable":true,"href":"https:\/\/newmedica.tn\/en\/wp-json\/wp\/v2\/comments?post=3339"}],"version-history":[{"count":6,"href":"https:\/\/newmedica.tn\/en\/wp-json\/wp\/v2\/pages\/3339\/revisions"}],"predecessor-version":[{"id":3568,"href":"https:\/\/newmedica.tn\/en\/wp-json\/wp\/v2\/pages\/3339\/revisions\/3568"}],"wp:attachment":[{"href":"https:\/\/newmedica.tn\/en\/wp-json\/wp\/v2\/media?parent=3339"}],"curies":[{"name":"wp","href":"https:\/\/api.w.org\/{rel}","templated":true}]}}